{"id":77,"date":"2026-03-30T15:48:57","date_gmt":"2026-03-30T13:48:57","guid":{"rendered":"https:\/\/www.buergerverein-erkerode-lucklum.de\/?page_id=77"},"modified":"2026-03-30T15:54:05","modified_gmt":"2026-03-30T13:54:05","slug":"beitrittserklaerung","status":"publish","type":"page","link":"https:\/\/www.buergerverein-erkerode-lucklum.de\/?page_id=77","title":{"rendered":"Beitrittserkl\u00e4rung"},"content":{"rendered":"\n<p>Mit dem unten stehenden Link k\u00f6nnen Sie die Beitrittserkl\u00e4rung f\u00fcr den B\u00fcrgervereins Erkerode\/Lucklum e.V. in seiner aktuell g\u00fcltigen Fassung herunterladen. Bitte schicken Sie die vollst\u00e4ndig ausgef\u00fcllte und unterschriebene Erkl\u00e4rung an <a href=\"mailto:info@buergerverein-Erkerode-Lucklum.de\">info@buergerverein-Erkerode-Lucklum.de<\/a><\/p>\n\n\n\n<div data-wp-interactive=\"core\/file\" class=\"wp-block-file\"><object data-wp-bind--hidden=\"!state.hasPdfPreview\" hidden class=\"wp-block-file__embed\" data=\"https:\/\/www.buergerverein-erkerode-lucklum.de\/wp-content\/uploads\/2026\/03\/Eintrittserklaerung-1.pdf\" type=\"application\/pdf\" style=\"width:100%;height:600px\" aria-label=\"Einbettung von Eintrittserkl\u00e4rung.\"><\/object><a id=\"wp-block-file--media-a80ebcb5-e0ef-4acd-9a16-f5d520b3dffb\" href=\"https:\/\/www.buergerverein-erkerode-lucklum.de\/wp-content\/uploads\/2026\/03\/Eintrittserklaerung-1.pdf\">Eintrittserkl\u00e4rung<\/a><a href=\"https:\/\/www.buergerverein-erkerode-lucklum.de\/wp-content\/uploads\/2026\/03\/Eintrittserklaerung-1.pdf\" class=\"wp-block-file__button wp-element-button\" download aria-describedby=\"wp-block-file--media-a80ebcb5-e0ef-4acd-9a16-f5d520b3dffb\">Herunterladen<\/a><\/div>\n","protected":false},"excerpt":{"rendered":"<p>Mit dem unten stehenden Link k\u00f6nnen Sie die Beitrittserkl\u00e4rung f\u00fcr den B\u00fcrgervereins Erkerode\/Lucklum e.V. in seiner aktuell g\u00fcltigen Fassung herunterladen. Bitte schicken Sie die vollst\u00e4ndig ausgef\u00fcllte und unterschriebene Erkl\u00e4rung an info@buergerverein-Erkerode-Lucklum.de<\/p>\n","protected":false},"author":1,"featured_media":0,"parent":0,"menu_order":0,"comment_status":"closed","ping_status":"closed","template":"","meta":{"footnotes":""},"class_list":["post-77","page","type-page","status-publish","hentry"],"_links":{"self":[{"href":"https:\/\/www.buergerverein-erkerode-lucklum.de\/index.php?rest_route=\/wp\/v2\/pages\/77","targetHints":{"allow":["GET"]}}],"collection":[{"href":"https:\/\/www.buergerverein-erkerode-lucklum.de\/index.php?rest_route=\/wp\/v2\/pages"}],"about":[{"href":"https:\/\/www.buergerverein-erkerode-lucklum.de\/index.php?rest_route=\/wp\/v2\/types\/page"}],"author":[{"embeddable":true,"href":"https:\/\/www.buergerverein-erkerode-lucklum.de\/index.php?rest_route=\/wp\/v2\/users\/1"}],"replies":[{"embeddable":true,"href":"https:\/\/www.buergerverein-erkerode-lucklum.de\/index.php?rest_route=%2Fwp%2Fv2%2Fcomments&post=77"}],"version-history":[{"count":3,"href":"https:\/\/www.buergerverein-erkerode-lucklum.de\/index.php?rest_route=\/wp\/v2\/pages\/77\/revisions"}],"predecessor-version":[{"id":83,"href":"https:\/\/www.buergerverein-erkerode-lucklum.de\/index.php?rest_route=\/wp\/v2\/pages\/77\/revisions\/83"}],"wp:attachment":[{"href":"https:\/\/www.buergerverein-erkerode-lucklum.de\/index.php?rest_route=%2Fwp%2Fv2%2Fmedia&parent=77"}],"curies":[{"name":"wp","href":"https:\/\/api.w.org\/{rel}","templated":true}]}}