{"id":36,"date":"2026-03-30T13:34:33","date_gmt":"2026-03-30T11:34:33","guid":{"rendered":"https:\/\/www.buergerverein-erkerode-lucklum.de\/?page_id=36"},"modified":"2026-04-10T17:28:59","modified_gmt":"2026-04-10T15:28:59","slug":"impressum","status":"publish","type":"page","link":"https:\/\/www.buergerverein-erkerode-lucklum.de\/?page_id=36","title":{"rendered":"Impressum"},"content":{"rendered":"\n<p><\/p>\n\n\n\n<h3 class=\"wp-block-heading\">B\u00fcrgerverein Erkerode\/Lucklum e.V.<\/h3>\n\n\n\n<p><br>Evessener Str. 5<br>38173 Erkerode<\/p>\n\n\n\n<h3 class=\"wp-block-heading\">Vertreten durch den Vorstand:<\/h3>\n\n\n\n<figure class=\"wp-block-table\"><table class=\"has-fixed-layout\"><tbody><tr><td>Vorsitzender<\/td><td>J\u00fcrgen Sellschopp<\/td><\/tr><tr><td>stellvertretende Vorsitzende<\/td><td>Karin Wawrzyniak<\/td><\/tr><tr><td>Schatzmeister<\/td><td>Thomas Solle<\/td><\/tr><tr><td>Beisitzerin<\/td><td>Silke Meier<\/td><\/tr><tr><td>Beisitzerin<\/td><td>Margot Steinwachs<\/td><\/tr><\/tbody><\/table><\/figure>\n\n\n\n<h3 class=\"wp-block-heading\">Kontakt:<\/h3>\n\n\n\n<p>info@buergerverein-erkerode-lucklum.de<\/p>\n\n\n\n<h3 class=\"wp-block-heading\">Vereinsregister:<\/h3>\n\n\n\n<p>Amtsgericht Braunschweig, VR 200692<\/p>\n\n\n\n<h3 class=\"wp-block-heading\">Verantwortlich im Sinne des \u00a7 18 Abs. 2 MStV<\/h3>\n\n\n\n<p>Der Vorstand (siehe oben)<br>info@buergerverein-erkerode-lucklum.de<\/p>\n\n\n\n<h3 class=\"wp-block-heading\">Bilder:<\/h3>\n\n\n\n<p>Der Vorstand<\/p>\n\n\n\n<h3 class=\"wp-block-heading\">Urheberrecht:<\/h3>\n\n\n\n<p>info@buergerverein-erkerode-lucklum.de<\/p>\n\n\n\n<p>Die durch die Seitenbetreiber erstellten Inhalte und Werke auf diesen Seiten unterliegen dem deutschen Urheberrecht. Die Vervielf\u00e4ltigung, Bearbeitung, Verbreitung und jede Art der Verwertung au\u00dferhalb der Grenzen des Urheberrechtes bed\u00fcrfen der schriftlichen Zustimmung des jeweiligen Autors bzw. Erstellers. Downloads und Kopien dieser Seite sind nur f\u00fcr den privaten, nicht kommerziellen Gebrauch gestattet.<\/p>\n\n\n\n<p>Soweit die Inhalte auf dieser Seite nicht vom Betreiber erstellt wurden, werden die Urheberrechte Dritter beachtet. Insbesondere werden Inhalte Dritter als solche gekennzeichnet. Sollten Sie trotzdem auf eine Urheberrechtsverletzung aufmerksam werden, bitten wir um einen entsprechenden Hinweis. Bei&nbsp; Bekanntwerden von Rechtsverletzungen werden wir derartige Inhalte umgehend entfernen.<\/p>\n\n\n\n<p><strong>Externe Links:<\/strong><\/p>\n\n\n\n<p>F\u00fcr den Inhalt verlinkter externer Seiten sind ausschlie\u00dflich deren Betreiber verantwortlich.<\/p>\n","protected":false},"excerpt":{"rendered":"<p>B\u00fcrgerverein Erkerode\/Lucklum e.V. Evessener Str. 538173 Erkerode Vertreten durch den Vorstand: Vorsitzender J\u00fcrgen Sellschopp stellvertretende Vorsitzende Karin Wawrzyniak Schatzmeister Thomas Solle Beisitzerin Silke Meier Beisitzerin Margot Steinwachs Kontakt: info@buergerverein-erkerode-lucklum.de Vereinsregister: Amtsgericht Braunschweig, VR 200692 Verantwortlich im Sinne des \u00a7 18 <a class=\"more-link\" href=\"https:\/\/www.buergerverein-erkerode-lucklum.de\/?page_id=36\">Weiterlesen\u00a0\u2026<\/a><\/p>\n","protected":false},"author":1,"featured_media":0,"parent":0,"menu_order":0,"comment_status":"closed","ping_status":"closed","template":"","meta":{"footnotes":""},"class_list":["post-36","page","type-page","status-publish","hentry"],"_links":{"self":[{"href":"https:\/\/www.buergerverein-erkerode-lucklum.de\/index.php?rest_route=\/wp\/v2\/pages\/36","targetHints":{"allow":["GET"]}}],"collection":[{"href":"https:\/\/www.buergerverein-erkerode-lucklum.de\/index.php?rest_route=\/wp\/v2\/pages"}],"about":[{"href":"https:\/\/www.buergerverein-erkerode-lucklum.de\/index.php?rest_route=\/wp\/v2\/types\/page"}],"author":[{"embeddable":true,"href":"https:\/\/www.buergerverein-erkerode-lucklum.de\/index.php?rest_route=\/wp\/v2\/users\/1"}],"replies":[{"embeddable":true,"href":"https:\/\/www.buergerverein-erkerode-lucklum.de\/index.php?rest_route=%2Fwp%2Fv2%2Fcomments&post=36"}],"version-history":[{"count":9,"href":"https:\/\/www.buergerverein-erkerode-lucklum.de\/index.php?rest_route=\/wp\/v2\/pages\/36\/revisions"}],"predecessor-version":[{"id":137,"href":"https:\/\/www.buergerverein-erkerode-lucklum.de\/index.php?rest_route=\/wp\/v2\/pages\/36\/revisions\/137"}],"wp:attachment":[{"href":"https:\/\/www.buergerverein-erkerode-lucklum.de\/index.php?rest_route=%2Fwp%2Fv2%2Fmedia&parent=36"}],"curies":[{"name":"wp","href":"https:\/\/api.w.org\/{rel}","templated":true}]}}