{"id":16,"date":"2026-03-30T12:51:07","date_gmt":"2026-03-30T10:51:07","guid":{"rendered":"https:\/\/www.buergerverein-erkerode-lucklum.de\/?page_id=16"},"modified":"2026-03-30T16:19:14","modified_gmt":"2026-03-30T14:19:14","slug":"mitgliedschaft","status":"publish","type":"page","link":"https:\/\/www.buergerverein-erkerode-lucklum.de\/?page_id=16","title":{"rendered":"Unser Verein"},"content":{"rendered":"\n<p>Der B\u00fcrgerverein Erkerode\/Lucklum e.V. ist ein Anlaufpunkt f\u00fcr alle, die unsere Gemeinschaft lieben und st\u00e4rken m\u00f6chten! Ein Verein f\u00fcr die D\u00f6rfer Erkerode und Lucklum der Samtgemeinde Sickte im Landkreis Wolfenb\u00fcttel, Niedersachsen.&nbsp;<\/p>\n\n\n\n<p>Wir setzen uns leidenschaftlich daf\u00fcr ein, das Miteinander zu f\u00f6rdern, die Lebensqualit\u00e4t zu verbessern und spannende Projekte ins Leben zu rufen, die unser Zusammenleben verbessern und bereichern.&nbsp;<\/p>\n\n\n\n<p>Bei unseren regelm\u00e4\u00dfigen Treffen und Veranstaltungen haben unsere Mitglieder die perfekte Gelegenheit, sich auszutauschen und aktiv an der Gestaltung unseres Vereins mitzuwirken.&nbsp;<\/p>\n\n\n\n<h3 class=\"wp-block-heading\">und so fing alles an:<\/h3>\n\n\n\n<p>Der B\u00fcrgerverein wurde 2010 gegr\u00fcndet, um ein Dorffest und andere Veranstaltungen zu organisieren.<\/p>\n\n\n\n<figure class=\"wp-block-image size-full\"><img loading=\"lazy\" decoding=\"async\" width=\"720\" height=\"327\" src=\"https:\/\/www.buergerverein-erkerode-lucklum.de\/wp-content\/uploads\/2026\/03\/gruendung_BZ_april2010.jpg\" alt=\"\" class=\"wp-image-93\" srcset=\"https:\/\/www.buergerverein-erkerode-lucklum.de\/wp-content\/uploads\/2026\/03\/gruendung_BZ_april2010.jpg 720w, https:\/\/www.buergerverein-erkerode-lucklum.de\/wp-content\/uploads\/2026\/03\/gruendung_BZ_april2010-300x136.jpg 300w\" sizes=\"auto, (max-width: 720px) 100vw, 720px\" \/><\/figure>\n","protected":false},"excerpt":{"rendered":"<p>Der B\u00fcrgerverein Erkerode\/Lucklum e.V. ist ein Anlaufpunkt f\u00fcr alle, die unsere Gemeinschaft lieben und st\u00e4rken m\u00f6chten! Ein Verein f\u00fcr die D\u00f6rfer Erkerode und Lucklum der Samtgemeinde Sickte im Landkreis Wolfenb\u00fcttel, Niedersachsen.&nbsp; Wir setzen uns leidenschaftlich daf\u00fcr ein, das Miteinander zu <a class=\"more-link\" href=\"https:\/\/www.buergerverein-erkerode-lucklum.de\/?page_id=16\">Weiterlesen\u00a0\u2026<\/a><\/p>\n","protected":false},"author":1,"featured_media":0,"parent":0,"menu_order":0,"comment_status":"closed","ping_status":"closed","template":"","meta":{"footnotes":""},"class_list":["post-16","page","type-page","status-publish","hentry"],"_links":{"self":[{"href":"https:\/\/www.buergerverein-erkerode-lucklum.de\/index.php?rest_route=\/wp\/v2\/pages\/16","targetHints":{"allow":["GET"]}}],"collection":[{"href":"https:\/\/www.buergerverein-erkerode-lucklum.de\/index.php?rest_route=\/wp\/v2\/pages"}],"about":[{"href":"https:\/\/www.buergerverein-erkerode-lucklum.de\/index.php?rest_route=\/wp\/v2\/types\/page"}],"author":[{"embeddable":true,"href":"https:\/\/www.buergerverein-erkerode-lucklum.de\/index.php?rest_route=\/wp\/v2\/users\/1"}],"replies":[{"embeddable":true,"href":"https:\/\/www.buergerverein-erkerode-lucklum.de\/index.php?rest_route=%2Fwp%2Fv2%2Fcomments&post=16"}],"version-history":[{"count":5,"href":"https:\/\/www.buergerverein-erkerode-lucklum.de\/index.php?rest_route=\/wp\/v2\/pages\/16\/revisions"}],"predecessor-version":[{"id":94,"href":"https:\/\/www.buergerverein-erkerode-lucklum.de\/index.php?rest_route=\/wp\/v2\/pages\/16\/revisions\/94"}],"wp:attachment":[{"href":"https:\/\/www.buergerverein-erkerode-lucklum.de\/index.php?rest_route=%2Fwp%2Fv2%2Fmedia&parent=16"}],"curies":[{"name":"wp","href":"https:\/\/api.w.org\/{rel}","templated":true}]}}